{"id":20,"date":"2020-11-03T12:31:03","date_gmt":"2020-11-03T12:31:03","guid":{"rendered":"https:\/\/cairockswebdesign.com\/?page_id=20"},"modified":"2026-05-06T14:49:51","modified_gmt":"2026-05-06T14:49:51","slug":"contact","status":"publish","type":"page","link":"https:\/\/cairockswebdesign.com\/en\/contact\/","title":{"rendered":"Contact"},"content":{"rendered":"<div class=\"brz-root__container brz-reset-all brz brz-root__container-page\">\n<section id=\"_mfyrwlvetdmdeseyxtdqvddnvcuvhjjhrasb\" class=\"brz-section brz-css-jceeqq brz-css-1g4bmm4\">\n<div class=\"brz-section__content brz-section--fullWidth brz-css-bhh3g0 brz-css-m92n8y\" data-brz-custom-id=\"tneacslkqvkjzqhwyvwvyarkjequwqtngxcx\">\n<div class=\"brz-bg\">\n<div class=\"brz-bg-image\"><\/div>\n<\/div>\n<div class=\"brz-container brz-css-8qn6yz brz-css-1rm079f\">\n<div id=\"\" class=\"brz-css-we832p brz-css-1f6srim brz-css-137wyoa brz-wrapper\">\n<div class=\"brz-spacer brz-css-1ja6uz7 brz-css-3s2xdg\"><\/div>\n<\/div>\n<div class=\"brz-row__container brz-css-t7mnvc\" data-brz-custom-id=\"dqakbjuwzyirmjlsgjtymizyodtzkszvnoth\">\n<div class=\"brz-bg\"><\/div>\n<div class=\"brz-row brz-css-1tueeu8 brz-css-tfvwjh\">\n<div class=\"brz-columns brz-css-1pqrr55 brz-css-bj8jrt\" data-brz-custom-id=\"qvezshczvmokispnbimynnebyifdgqubpyfy\">\n<div class=\"brz-bg\"><\/div>\n<div class=\"brz-column__items brz-css-1wl9teg\"><\/div>\n<\/div>\n<div class=\"brz-columns brz-css-1pqrr55\" data-brz-custom-id=\"giypuuajkcwexrngwrvhwjlwzzztbtcfzknh\">\n<div class=\"brz-bg\"><\/div>\n<div class=\"brz-column__items brz-css-1wl9teg\">\n<div id=\"\" class=\"brz-css-we832p brz-css-1apu3tf brz-wrapper\">\n<div class=\"brz-rich-text brz-rich-text__custom brz-css-vtwmou\" data-brz-custom-id=\"igfafkrjrezvcyrzbwhkoanwjispzohaergt\">\n<div data-brz-translate-text=\"1\">\n<p class=\"brz-text-lg-center brz-lh-lg-1_5 brz-lh-sm-im-1_2 brz-lh-xs-im-1_2 brz-ff-palanquin_dark brz-ft-google brz-fw-lg-500 brz-fw-sm-im-500 brz-fw-xs-im-500 brz-fs-lg-48 brz-fs-sm-im-47 brz-fs-xs-im-47 brz-ls-lg-0_5 brz-ls-sm-im-4 brz-ls-xs-im-4 brz-css-mJ9oD\"><span class=\"brz-cp-color8\">Contact<\/span><\/p>\n<\/div>\n<\/div>\n<\/div>\n<div id=\"\" class=\"brz-css-we832p brz-css-1f15lsq brz-wrapper\">\n<div class=\"brz-line brz-line-default brz-css-1ff4dpv brz-css-sj5apt\" data-brz-custom-id=\"hfxkkocyncdgvauplvcmanzfhlnvcejtivvu\">\n<hr class=\"brz-hr\"><\/div>\n<\/div>\n<div id=\"\" class=\"brz-css-we832p brz-wrapper\">\n<div class=\"brz-rich-text brz-rich-text__custom brz-css-vtwmou\" data-brz-custom-id=\"ixuygzmgqxjyktbfvaxwrodzpzdzdgsdglwm\">\n<div data-brz-translate-text=\"1\">\n<p class=\"brz-fw-xs-im-400 brz-fw-sm-im-400 brz-fw-lg-400 brz-ft-google brz-ff-palanquin_dark brz-text-lg-center brz-lh-xs-im-1_6 brz-lh-sm-im-1_6 brz-lh-lg-1_9 brz-ls-lg-m_0_5 brz-ls-sm-im-1 brz-ls-xs-im-1 brz-fs-lg-22 brz-fs-sm-im-21 brz-fs-xs-im-21 brz-css-rEkrF\"><span class=\"brz-cp-color8\">Online success for your business starts here<\/span><\/p>\n<\/div>\n<\/div>\n<\/div>\n<\/div>\n<\/div>\n<div class=\"brz-columns brz-css-1pqrr55 brz-css-nujn3q\" data-brz-custom-id=\"rvivafkvcquwefamkawvgtslsjoqvwijslys\">\n<div class=\"brz-bg\"><\/div>\n<div class=\"brz-column__items brz-css-1wl9teg\"><\/div>\n<\/div>\n<\/div>\n<\/div>\n<div id=\"\" class=\"brz-css-we832p brz-css-1f6srim brz-wrapper\">\n<div class=\"brz-spacer brz-css-1ja6uz7 brz-css-nw4e5n\"><\/div>\n<\/div>\n<div id=\"\" class=\"brz-css-we832p brz-css-1f6srim brz-wrapper\">\n<div class=\"brz-spacer brz-css-1ja6uz7 brz-css-19unte1\"><\/div>\n<\/div>\n<\/div>\n<\/div>\n<\/section>\n<section id=\"_vwmviqappyihvozrozbpebqepnpyasfsrvjp\" class=\"brz-section brz-css-jceeqq\">\n<div class=\"brz-section__content brz-section--boxed brz-css-bhh3g0 brz-css-129x4ka\" data-brz-custom-id=\"avtwcgjzgsuzgzpujajyhmtxzqlvxegpbzyk\">\n<div class=\"brz-container brz-css-8qn6yz\">\n<div class=\"brz-row__container brz-css-t7mnvc\" data-brz-custom-id=\"yoffpqqcoijmnhflnspagciuwgjriztzusgh\">\n<div class=\"brz-bg\"><\/div>\n<div class=\"brz-row brz-css-1tueeu8 brz-css-tfvwjh\">\n<div class=\"brz-columns brz-css-1pqrr55 brz-css-1pxnolf\" data-brz-custom-id=\"dffqoejfvnzakwejqvuczfckpdyodrsycahi\">\n<div class=\"brz-bg\">\n<div class=\"brz-bg-color\"><\/div>\n<\/div>\n<div class=\"brz-column__items brz-css-1wl9teg brz-css-1t9kqmn\">\n<div id=\"\" class=\"brz-css-we832p brz-wrapper\">\n<div class=\"brz-rich-text brz-rich-text__custom brz-css-vtwmou\" data-brz-custom-id=\"tpdrcpeddkewmsmqphpvcgkjwownokfypmtd\">\n<div data-brz-translate-text=\"1\">\n<p class=\"brz-tp-heading3 brz-css-xwIwC\"><span class=\"brz-cp-color2\">Let's talk about your business<\/span><\/p>\n<\/div>\n<\/div>\n<\/div>\n<div id=\"\" class=\"brz-css-we832p brz-wrapper\">\n<div class=\"brz-rich-text brz-rich-text__custom brz-css-vtwmou\" data-brz-custom-id=\"doasnffestjwbnbxirymkoxttdiydvqqczjn\">\n<div data-brz-translate-text=\"1\">\n<p class=\"brz-tp-lg-paragraph brz-css-pgMnH\" data-uniq-id=\"mvhhp\" data-generated-css=\"brz-css-idiyt\"><span class=\"brz-cp-color2\">Vul simpelweg het korte contactformulier hieronder in of stuur een e-mail naar hallo@cairockswebdesign.com&gt; en ik zal antwoorden (meestal binnen \u00e9\u00e9n werkdag) om jouw vereisten en zakelijke doelstellingen te bespreken.<\/span><\/p>\n<\/div>\n<\/div>\n<\/div>\n<div id=\"\" class=\"brz-css-we832p brz-css-1f6srim brz-wrapper\">\n<div class=\"brz-spacer brz-css-1ja6uz7 brz-css-100qc24\"><\/div>\n<\/div>\n<div id=\"\" class=\"brz-css-we832p brz-wrapper\">\n<div data-brz-form-version=\"2\" class=\"brz-forms2 brz-css-6k4vq0 brz-css-1dimuqv\" data-brz-custom-id=\"sjihpamqzpyazyortcwwjkuitqkiwnpmmpls\">\n<div data-brz-translate-text=\"1\" class=\"brz-forms2__item brz-css-8253qv brz-css-1d4wm5h brz-css-mwla5b\"><label class=\"brz-label brz-forms2__field-label\" for=\"t5wTsJt1fo8C_\">What services are you interested in?<\/label><\/p>\n<div class=\"brz-forms2__field brz-forms2__checkbox\">\n<div class=\"brz-control__check-group brz-forms2__checkbox-options\">\n<div data-brz-translate-text=\"1\" class=\"brz-control__check-group-option brz-forms2__checkbox-option\"><label class=\"brz-label\" for=\"aOiXhkrLqNP0\"><\/p>\n<div class=\"brz-control__check-group-icon brz-control__check-group--check\"><\/div>\n<div class=\"brz-control__check-group-icon brz-control__check-group--uncheck\"><\/div>\n<p><span class=\"brz-forms2__checkbox-option-name brz-span\">Design visuals<\/span><\/label><\/div>\n<div data-brz-translate-text=\"1\" class=\"brz-control__check-group-option brz-forms2__checkbox-option\"><label class=\"brz-label\" for=\"cAFkEofIHFru\"><\/p>\n<div class=\"brz-control__check-group-icon brz-control__check-group--check\"><\/div>\n<div class=\"brz-control__check-group-icon brz-control__check-group--uncheck\"><\/div>\n<p><span class=\"brz-forms2__checkbox-option-name brz-span\">Marketing websites<\/span><\/label><\/div>\n<div data-brz-translate-text=\"1\" class=\"brz-control__check-group-option brz-forms2__checkbox-option\"><label class=\"brz-label\" for=\"kEirL0Q8kM22\"><\/p>\n<div class=\"brz-control__check-group-icon brz-control__check-group--check\"><\/div>\n<div class=\"brz-control__check-group-icon brz-control__check-group--uncheck\"><\/div>\n<p><span class=\"brz-forms2__checkbox-option-name brz-span\">E-commerce website<\/span><\/label><\/div>\n<div data-brz-translate-text=\"1\" class=\"brz-control__check-group-option brz-forms2__checkbox-option\"><label class=\"brz-label\" for=\"zQTZUAqicFFR\"><\/p>\n<div class=\"brz-control__check-group-icon brz-control__check-group--check\"><\/div>\n<div class=\"brz-control__check-group-icon brz-control__check-group--uncheck\"><\/div>\n<p><span class=\"brz-forms2__checkbox-option-name brz-span\">Other<\/span><\/label><\/div>\n<\/div>\n<\/div>\n<\/div>\n<div data-brz-translate-text=\"1\" class=\"brz-forms2__item brz-css-8253qv brz-css-1d4wm5h brz-css-mwla5b brz-css-1drh28z\"><label class=\"brz-label brz-forms2__field-label\" for=\"qUoz_fxmmppc_\">Name*<\/label><\/div>\n<div data-brz-translate-text=\"1\" class=\"brz-forms2__item brz-css-8253qv brz-css-1d4wm5h brz-css-mwla5b brz-css-1769apl\"><label class=\"brz-label brz-forms2__field-label\" for=\"hsJXsl_YrUtM_\">Company<\/label><\/div>\n<div data-brz-translate-text=\"1\" class=\"brz-forms2__item brz-css-8253qv brz-css-1d4wm5h brz-css-mwla5b brz-css-4tlb2\"><label class=\"brz-label brz-forms2__field-label\" for=\"waImcwhXXEcG_\">E-mail address*<\/label><\/div>\n<div data-brz-translate-text=\"1\" class=\"brz-forms2__item brz-css-8253qv brz-css-1d4wm5h brz-css-mwla5b brz-css-ch6e2l\"><label class=\"brz-label brz-forms2__field-label\" for=\"gCF3XBtccEBs_\">Your current website<\/label><\/div>\n<div data-brz-translate-text=\"1\" class=\"brz-forms2__item brz-css-8253qv brz-css-1d4wm5h brz-css-mwla5b brz-css-i1kccu\"><label class=\"brz-label brz-forms2__field-label\" for=\"iRVMxl_ndlbb_\">Your message*<\/label><textarea id=\"iRVMxl_ndlbb_\" name=\"rtijdympybwrwxrkbkmfzspbsbdbwxirkdjl\" data-brz-type=\"Paragraph\" data-brz-label=\"Jouw bericht*\" data-brz-placeholder=\"\" class=\"brz-textarea brz-forms2__field brz-forms2__field-paragraph brz-p-events--none\"><\/textarea><\/div>\n<div class=\"brz-forms2 brz-forms2__item brz-forms2__item-button\" data-brz-custom-id=\"sjihpamqzpyazyortcwwjkuitqkiwnpmmpls\"><button class=\"brz-btn brz-btn-submit brz-css-lmte9v brz-css-10e538t\" data-brz-custom-id=\"iktpqzmpbwixmbxuyyftjeavclyceyymmjbs\"><span data-brz-translate-text=\"1\" class=\"brz-span brz-text__editor\">LET'S START<\/span><\/button><\/div>\n<div class=\"brz-g-recaptcha\" data-sitekey=\"\" data-size=\"invisible\" data-callback=\"brzFormV2Captcha\"><\/div>\n<\/div>\n<\/div>\n<\/div>\n<\/div>\n<div class=\"brz-columns brz-css-1pqrr55 brz-css-2i71of\" data-brz-custom-id=\"jcyvuqrjohirqxxwjhgacnsbvzwmarcxeevx\">\n<div class=\"brz-bg\"><\/div>\n<div class=\"brz-column__items brz-css-1wl9teg\">\n<div id=\"\" class=\"brz-css-we832p brz-css-m6jxpj brz-wrapper\">\n<div class=\"brz-rich-text brz-rich-text__custom brz-css-vtwmou\" data-brz-custom-id=\"stsfpdyyokfbltpbklckhlwxszusqgvobjzv\">\n<div data-brz-translate-text=\"1\">\n<p class=\"brz-tp-heading4 brz-css-xL50z\"><span class=\"brz-cp-color2\">Do you have a question?<\/span><\/p>\n<\/div>\n<\/div>\n<\/div>\n<div id=\"\" class=\"brz-css-we832p brz-wrapper\">\n<div class=\"brz-rich-text brz-rich-text__custom brz-css-vtwmou\" data-brz-custom-id=\"acewwghnxufintmkrbwdtcbjexkstjqtbznf\">\n<div data-brz-translate-text=\"1\">\n<p class=\"brz-tp-paragraph brz-css-oY4EW\"><span class=\"brz-cp-color2\">Read the FAQ page. <\/span><\/p>\n<p class=\"brz-tp-paragraph brz-css-ph5_Z\"><span class=\"brz-cp-color2\">If your question is not answered there, please get in touch.<\/span><\/p>\n<\/div>\n<\/div>\n<\/div>\n<div class=\"brz-wrapper-clone brz-css-ra6crd\">\n<div class=\"brz-d-xs-flex brz-flex-xs-wrap brz-css-9ps665 brz-css-14n9m9s\" data-brz-custom-id=\"\">\n<div class=\"brz-wrapper-clone__item\" id=\"gsfbxvbxfeogoiwcrbienpubayktlgowukmn\"><a class=\"brz-a brz-btn brz-css-hncc6p brz-css-ee54s6 brz-css-lmte9v brz-css-1rhfx65\" href=\"\/en\/faq\/\" target=\"_self\" rel=\"noopener\" data-brz-link-type=\"external\" data-brz-custom-id=\"gsfbxvbxfeogoiwcrbienpubayktlgowukmn\"><span data-brz-translate-text=\"1\" class=\"brz-span brz-text__editor\">TO FAQ<\/span><\/a><\/div>\n<\/div>\n<\/div>\n<div id=\"\" class=\"brz-css-we832p brz-css-1f6srim brz-wrapper\">\n<div class=\"brz-spacer brz-css-1ja6uz7 brz-css-9hv9lz\"><\/div>\n<\/div>\n<div id=\"\" class=\"brz-css-we832p brz-wrapper\">\n<div class=\"brz-line brz-line-default brz-css-1ff4dpv brz-css-zosbni\" data-brz-custom-id=\"winpvcxgdhtoradbljrcpqvqeidyxrnfvpyw\">\n<hr class=\"brz-hr\"><\/div>\n<\/div>\n<div id=\"\" class=\"brz-css-we832p brz-css-js3wak brz-wrapper\">\n<div class=\"brz-rich-text brz-rich-text__custom brz-css-vtwmou\" data-brz-custom-id=\"cutsbhibzougtirznnfpxortrtlfzrssvqmi\">\n<div data-brz-translate-text=\"1\">\n<p class=\"brz-tp-heading4 brz-css-mOnRI\"><span class=\"brz-cp-color2\">Not sure what you need?<\/span><\/p>\n<\/div>\n<\/div>\n<\/div>\n<div id=\"\" class=\"brz-css-we832p brz-wrapper\">\n<div class=\"brz-rich-text brz-rich-text__custom brz-css-vtwmou\" data-brz-custom-id=\"npcoijwhfoqufcdialegiissqvkezmaotobd\">\n<div data-brz-translate-text=\"1\">\n<p class=\"brz-tp-paragraph brz-css-tgeZg\"><span class=\"brz-cp-color2\">Learn how I can help you and your business.<\/span><\/p>\n<\/div>\n<\/div>\n<\/div>\n<div class=\"brz-wrapper-clone brz-css-ra6crd\">\n<div class=\"brz-d-xs-flex brz-flex-xs-wrap brz-css-9ps665 brz-css-re2hoq\" data-brz-custom-id=\"\">\n<div class=\"brz-wrapper-clone__item\" id=\"ceshxtrtsixqemgiyvovxwwzwggnjyocqdlw\"><a class=\"brz-a brz-btn brz-css-hncc6p brz-css-7nocao brz-css-lmte9v brz-css-icpuni\" href=\"\/en\/faq\/\" target=\"_self\" rel=\"noopener\" data-brz-link-type=\"external\" data-brz-custom-id=\"ceshxtrtsixqemgiyvovxwwzwggnjyocqdlw\"><span data-brz-translate-text=\"1\" class=\"brz-span brz-text__editor\">WHAT I DO<\/span><\/a><\/div>\n<\/div>\n<\/div>\n<div id=\"\" class=\"brz-css-we832p brz-css-1f6srim brz-wrapper\">\n<div class=\"brz-spacer brz-css-1ja6uz7 brz-css-177q32d\"><\/div>\n<\/div>\n<div id=\"\" class=\"brz-css-we832p brz-css-zouvcw brz-wrapper\">\n<div class=\"brz-line brz-line-default brz-css-1ff4dpv brz-css-1tfowyq\" data-brz-custom-id=\"feisjifqydhlmuntutsxogdunhljkbsgdchs\">\n<hr class=\"brz-hr\"><\/div>\n<\/div>\n<\/div>\n<\/div>\n<\/div>\n<\/div>\n<\/div>\n<\/div>\n<\/section>\n<\/div>\n<p>    <!-- version:1736984499 --><\/p>","protected":false},"excerpt":{"rendered":"<p>Contact Online succes voor jouw bedrijf begint hier Laten we eens over jouw bedrijf praten Vul simpelweg het korte contactformulier hieronder in of stuur een e-mail naar hallo@cairockswebdesign.com&gt; en ik zal antwoorden (meestal binnen \u00e9\u00e9n werkdag) om jouw vereisten en zakelijke doelstellingen te bespreken. In welke diensten ben je ge\u00efnteresseerd? Ontwerp visuals Marketingwebsite E-commerce website [&hellip;]<\/p>\n","protected":false},"author":1,"featured_media":0,"parent":0,"menu_order":0,"comment_status":"closed","ping_status":"closed","template":"brizy-blank-template.php","meta":{"footnotes":""},"class_list":["post-20","page","type-page","status-publish","hentry"],"brizy_media":[],"_links":{"self":[{"href":"https:\/\/cairockswebdesign.com\/en\/wp-json\/wp\/v2\/pages\/20","targetHints":{"allow":["GET"]}}],"collection":[{"href":"https:\/\/cairockswebdesign.com\/en\/wp-json\/wp\/v2\/pages"}],"about":[{"href":"https:\/\/cairockswebdesign.com\/en\/wp-json\/wp\/v2\/types\/page"}],"author":[{"embeddable":true,"href":"https:\/\/cairockswebdesign.com\/en\/wp-json\/wp\/v2\/users\/1"}],"replies":[{"embeddable":true,"href":"https:\/\/cairockswebdesign.com\/en\/wp-json\/wp\/v2\/comments?post=20"}],"version-history":[{"count":31,"href":"https:\/\/cairockswebdesign.com\/en\/wp-json\/wp\/v2\/pages\/20\/revisions"}],"predecessor-version":[{"id":8309,"href":"https:\/\/cairockswebdesign.com\/en\/wp-json\/wp\/v2\/pages\/20\/revisions\/8309"}],"wp:attachment":[{"href":"https:\/\/cairockswebdesign.com\/en\/wp-json\/wp\/v2\/media?parent=20"}],"curies":[{"name":"wp","href":"https:\/\/api.w.org\/{rel}","templated":true}]}}